{"id":1532,"date":"2017-04-13T13:34:13","date_gmt":"2017-04-13T16:34:13","guid":{"rendered":"http:\/\/www.casadasbecas.com.br\/site\/?page_id=1532"},"modified":"2021-12-23T14:05:20","modified_gmt":"2021-12-23T17:05:20","slug":"sobre","status":"publish","type":"page","link":"https:\/\/www.casadasbecas.com.br\/site\/sobre\/","title":{"rendered":"Hist\u00f3rico da Organiza\u00e7\u00e3o"},"content":{"rendered":"<p>Criada em 2008, inicialmente com a finalidade de atuar na \u00e1rea de alugu\u00e9is, a Casa das Becas Formaturas, se tornou uma das maiores empresas do segmento de formaturas da regi\u00e3o da Zona da Mata mineira, especializada em promover eventos de m\u00e9dio e grande porte, no Estado de Minas Gerais e Esp\u00edrito Santo. Atuando com metodologia reconhecida e com experi\u00eancia em eventos, contamos com uma equipe altamente qualificada, capaz de oferecer as melhores solu\u00e7\u00f5es e resultados no planejamento, execu\u00e7\u00e3o e registro de imagens dos eventos. Somos uma empresa jovem, e sabemos que a melhor maneira de fazermos eventos de Alto N\u00edvel e inesquec\u00edveis \u00e9 pensar com o cora\u00e7\u00e3o e realizar tudo com muito carinho, aten\u00e7\u00e3o e dedica\u00e7\u00e3o aos m\u00ednimos detalhes. Para isso, se faz necess\u00e1rio o real comprometimento daqueles que s\u00e3o a alma do nosso neg\u00f3cio: as pessoas. S\u00e3o elas que, atrav\u00e9s de sua integridade e honestidade, estar\u00e3o estendendo \u00e0 Empresa a imagem de seriedade e postura \u00e9tica que almejamos. EMOCIONAR os formandos, seus familiares e convidados \u00e9 o nosso maior objetivo. A emo\u00e7\u00e3o sempre contagia a todos e inevitavelmente somos flagrados sorrindo, chorando, comemorando, enfim fazendo parte da sua conquista.<\/p>\n<p><img loading=\"lazy\" decoding=\"async\" class=\"alignnone size-medium wp-image-3397\" src=\"https:\/\/www.casadasbecas.com.br\/site\/wp-content\/uploads\/2021\/10\/CBI_2331-300x165.jpg\" alt=\"\" width=\"300\" height=\"165\" srcset=\"https:\/\/www.casadasbecas.com.br\/site\/wp-content\/uploads\/2021\/10\/CBI_2331-300x165.jpg 300w, https:\/\/www.casadasbecas.com.br\/site\/wp-content\/uploads\/2021\/10\/CBI_2331-1024x565.jpg 1024w, https:\/\/www.casadasbecas.com.br\/site\/wp-content\/uploads\/2021\/10\/CBI_2331-768x424.jpg 768w, https:\/\/www.casadasbecas.com.br\/site\/wp-content\/uploads\/2021\/10\/CBI_2331-1536x847.jpg 1536w, https:\/\/www.casadasbecas.com.br\/site\/wp-content\/uploads\/2021\/10\/CBI_2331-2048x1129.jpg 2048w\" sizes=\"auto, (max-width: 300px) 100vw, 300px\" \/><\/p>\n<p><strong>DADOS DA ORGANIZA\u00c7\u00c3O<\/strong><\/p>\n<p>A Casa das Becas Formaturas Ltda &#8211; ME \u00e9 uma organiza\u00e7\u00e3o privada, com sede na rua Drosa Pinheiro, 56, bairro Bom Pastor, Manhua\u00e7u-MG.<\/p>\n<p>A empresa tem como finalidade a organiza\u00e7\u00e3o de eventos de formatura, desde a loca\u00e7\u00e3o da beca, cobertura de foto e filmagem, se destacando na qualidade dos \u00e1lbuns de formatura, passando pela ornamenta\u00e7\u00e3o at\u00e9 chegar ao cerimonial de outorga de grau.<\/p>\n<ul>\n<li><strong>MISS\u00c3O<\/strong><\/li>\n<\/ul>\n<p>Estar presente em todas as faculdades e universidades da regi\u00e3o como principal empresa de formatura, sendo reconhecida como refer\u00eancia nos estados de Minas Gerais e Esp\u00edrito Santo, atrav\u00e9s de nossa excel\u00eancia e inova\u00e7\u00e3o nos servi\u00e7os prestados.<\/p>\n<ul>\n<li><strong>VIS\u00c3O<\/strong><\/li>\n<\/ul>\n<p>Oferecer solu\u00e7\u00f5es em planejamento, execu\u00e7\u00e3o e produ\u00e7\u00e3o de eventos de formatura, superando todas as expectativas, atrav\u00e9s de ideias inovadoras e experi\u00eancias inesquec\u00edveis, realizadas por pessoas apaixonadas pelo que fazem.<\/p>\n<ul>\n<li>Valores<\/li>\n<li>Compromisso e responsabilidade;<\/li>\n<li>Compet\u00eancia e inova\u00e7\u00e3o;<\/li>\n<li>Parceria de respeito com clientes e colaboradores;<\/li>\n<li>Foco nos resultados;<\/li>\n<li>Estrat\u00e9gia e competitividade \u00e9tica.<\/li>\n<\/ul>\n<p><strong>\u00a0<\/strong><\/p>\n<p><strong>OBJETIVOS QUANTO AO FUTURO ORGANIZACIONAL<\/strong><\/p>\n<p>Solidificar a nossa marca em toda a regi\u00e3o do leste mineiro e Esp\u00edrito Santo.<\/p>\n<p><strong>POL\u00cdTICA DE RH<\/strong><\/p>\n<p>Valoriza\u00e7\u00e3o do potencial humano para gerar ambi\u00eancia organizacional favor\u00e1vel \u00e0 motiva\u00e7\u00e3o das pessoas, levando-as a contribuir e se comprometer com a excel\u00eancia do desempenho e dos resultados organizacionais. Sal\u00e1rio condizente com o que o mercado oferece. Bonifica\u00e7\u00e3o por trabalho extra (freelance).<\/p>\n<p><strong>POL\u00cdTICAS DE MARKETING<\/strong><\/p>\n<p>Produto final diferenciado e personalizado, variedade de escolha do produto final. Prazo de entrega do produto final menor do que os concorrentes. Pre\u00e7o acess\u00edvel e financi\u00e1vel para que n\u00e3o pese no bolso do cliente. Rede social e site atualizado para que o cliente veja as transforma\u00e7\u00f5es e evolu\u00e7\u00f5es da empresa.<\/p>\n<p><strong>MIX DE PRODUTOS<\/strong><\/p>\n<p>Becas, canudos, convites, placas de homenagem, fotografia, filmagem, \u00e1lbum de formatura, cerimonial.<\/p>\n<p><strong>COMO \u00c9 EFETUADA A ARMAZENAGEM E O ESTOQUE DOS PRODUTOS<\/strong><\/p>\n<p>Os produtos s\u00e3o separados por beca, pelerine e faixa (esses primeiros por tamanho e cor), capelo, canudo (separado por curso), estojo de formatura (separado por curso e tamanho) e mat\u00e9ria-prima. Todos os produtos s\u00e3o estocados em local diferenciado e organizado, separado do escrit\u00f3rio da empresa.<\/p>\n<p><strong>SISTEMA LOG\u00cdSTICO<\/strong><\/p>\n<p>Passo 1: O sistema de log\u00edstica da Casa das Becas Formaturas come\u00e7a no marketing da empresa, atrav\u00e9s de rede social e o site oficial, de onde parte de nossos clientes aparecem, e do marketing boca a boca que \u00e9 a raz\u00e3o da expans\u00e3o que a empresa est\u00e1 adquirindo, produtos de qualidade est\u00e3o sendo entregues, trazendo assim outros clientes que enxergam em nossa empresa servi\u00e7os e produtos de qualidade.<\/p>\n<p>Passo 2: Vamos nas institui\u00e7\u00f5es de ensinos apresentar nossos servi\u00e7os aos alunos atrav\u00e9s de um representante. Tiramos as d\u00favidas e mostramos a maneira como trabalhamos e tudo o que est\u00e1 em contrato e que dever\u00e1 ser cumprido pela Casa das Becas. A garantia de fechar com uma empresa da regi\u00e3o, onde poder\u00e1 cobrar o que foi prometido, exigindo assim a qualidade oferecida.<\/p>\n<p>Passo 3: Orientamos ao nosso cliente passo-a-passo o que deve ser feito at\u00e9 a cola\u00e7\u00e3o de grau, n\u00e3o empurramos a responsabilidade a uma pessoa da turma, distribu\u00edmos esta responsabilidade em partes iguais para assim facilitar o processo para o cliente. O nosso suporte ao aluno vai desde o fechamento do contrato at\u00e9 a p\u00f3s entrega do produto final, para saber a satisfa\u00e7\u00e3o do rec\u00e9m formando com a empresa.<\/p>\n<p>Passo 4: Controle de Estoque para garantir que n\u00e3o faltar\u00e1 nada para a organiza\u00e7\u00e3o do evento e entrega dos produtos oferecidos. Respeitando sempre uma margem de produtos superior \u00e0 quantidade de clientes, para que n\u00e3o haja em hip\u00f3tese alguma a falta de determinado produto ou o atraso de seu envio ao cliente. Fornecedores de mat\u00e9ria-prima s\u00e3o tratados como parte da empresa, parceiros da Casa das Becas, pois de maneira direta ou indireta participam do produto final que o cliente ir\u00e1 receber.<\/p>\n<p>Passo 5: Controle de produ\u00e7\u00e3o para que os colaboradores da empresa entregue o produto oferecido final respeitando o tempo estipulado de entrega em contrato. Cada colaborar tem a sua meta e tempo estipulado para cada servi\u00e7o interno.<\/p>\n<p>Passo 6: Manter estoque sempre organizado e em ordem l\u00f3gica, seja por tamanho, cor ou curso, para uma f\u00e1cil identifica\u00e7\u00e3o do produto necessitado. Almoxarifado em ordem e de f\u00e1cil identifica\u00e7\u00e3o e em local mais pr\u00f3ximo poss\u00edvel de seu uso, para que n\u00e3o atrase o desempenho e tempo do colaborador em seu local de trabalho.<\/p>\n<p>Passo 7: Parceria com o CORREIOS, afim de o transporte do produto ao rec\u00e9m graduado seja de maneira segura, r\u00e1pido e pr\u00e1tica, para que possamos agilizar a entrega do produto que o cliente tanto deseja receber.<\/p>\n<p>Passo 8: Ligar para o cliente ap\u00f3s o envio do produto final para verificar a sua satisfa\u00e7\u00e3o com a empresa, ou eventuais cr\u00edticas para que possamos sempre estar vendo o erro e corrigi-los de maneira r\u00e1pida.<\/p>\n<p><strong>VOLUME E FORMA DE VENDA<\/strong><\/p>\n<p>Anualmente atendemos em m\u00e9dia tr\u00eas mil clientes anuais. Tudo come\u00e7a com um de nossos representantes indo at\u00e9 a institui\u00e7\u00e3o de ensino superior apresentar nossos servi\u00e7os prestados aos alunos e poss\u00edveis futuros clientes. Na apresenta\u00e7\u00e3o do representante da Casa das Becas \u00e9 mostrado todos os nossos produtos e servi\u00e7os, demonstrando tamb\u00e9m como que opera a nossa log\u00edstica de trabalho e o suporte dado ao cliente at\u00e9 mesmo ap\u00f3s o evento de cola\u00e7\u00e3o de grau.<\/p>\n","protected":false},"excerpt":{"rendered":"<p>Criada em 2008, inicialmente com a finalidade de atuar na \u00e1rea de alugu\u00e9is, a Casa das Becas Formaturas, se tornou uma das maiores empresas do segmento de formaturas da regi\u00e3o da Zona da Mata mineira, especializada em promover eventos de m\u00e9dio e grande porte, no Estado de Minas Gerais e Esp\u00edrito Santo. Atuando com metodologia [&hellip;]<\/p>\n","protected":false},"author":1,"featured_media":0,"parent":0,"menu_order":0,"comment_status":"closed","ping_status":"closed","template":"page-sobre.php","meta":{"_acf_changed":false,"footnotes":""},"class_list":["post-1532","page","type-page","status-publish","hentry"],"acf":[],"_links":{"self":[{"href":"https:\/\/www.casadasbecas.com.br\/site\/wp-json\/wp\/v2\/pages\/1532","targetHints":{"allow":["GET"]}}],"collection":[{"href":"https:\/\/www.casadasbecas.com.br\/site\/wp-json\/wp\/v2\/pages"}],"about":[{"href":"https:\/\/www.casadasbecas.com.br\/site\/wp-json\/wp\/v2\/types\/page"}],"author":[{"embeddable":true,"href":"https:\/\/www.casadasbecas.com.br\/site\/wp-json\/wp\/v2\/users\/1"}],"replies":[{"embeddable":true,"href":"https:\/\/www.casadasbecas.com.br\/site\/wp-json\/wp\/v2\/comments?post=1532"}],"version-history":[{"count":11,"href":"https:\/\/www.casadasbecas.com.br\/site\/wp-json\/wp\/v2\/pages\/1532\/revisions"}],"predecessor-version":[{"id":3415,"href":"https:\/\/www.casadasbecas.com.br\/site\/wp-json\/wp\/v2\/pages\/1532\/revisions\/3415"}],"wp:attachment":[{"href":"https:\/\/www.casadasbecas.com.br\/site\/wp-json\/wp\/v2\/media?parent=1532"}],"curies":[{"name":"wp","href":"https:\/\/api.w.org\/{rel}","templated":true}]}}